{"id":76,"date":"2020-09-24T13:58:30","date_gmt":"2020-09-24T13:58:30","guid":{"rendered":"https:\/\/bslthemes.site\/arter\/?page_id=76"},"modified":"2025-11-18T10:59:47","modified_gmt":"2025-11-18T10:59:47","slug":"contact","status":"publish","type":"page","link":"https:\/\/oussamasaidi.com\/en\/contact\/","title":{"rendered":"Contact"},"content":{"rendered":"<div data-elementor-type=\"wp-page\" data-elementor-id=\"76\" class=\"elementor elementor-76\">\n\t\t\t\t\t\t<section class=\"elementor-section elementor-top-section elementor-element elementor-element-6dfdb6d elementor-section-full_width elementor-section-height-default elementor-section-height-default\" data-id=\"6dfdb6d\" data-element_type=\"section\">\n\t\t\t\t\t\t<div class=\"elementor-container elementor-column-gap-no\">\n\t\t\t\t\t<div class=\"elementor-column elementor-col-100 elementor-top-column elementor-element elementor-element-3dad790\" data-id=\"3dad790\" data-element_type=\"column\">\n\t\t\t<div class=\"elementor-widget-wrap elementor-element-populated\">\n\t\t\t\t\t\t<div class=\"elementor-element elementor-element-f935568 elementor-widget elementor-widget-image\" data-id=\"f935568\" data-element_type=\"widget\" data-widget_type=\"image.default\">\n\t\t\t\t<div class=\"elementor-widget-container\">\n\t\t\t\t\t\t\t\t\t\t\t\t\t\t\t<img decoding=\"async\" src=\"https:\/\/oussamasaidi.com\/wp-content\/uploads\/elementor\/thumbs\/5155589_2710477-reazl3be3yrozuav4cua1lz5wsyhbd5m7w2dlbr940.jpg\" title=\"5155589_2710477\" alt=\"contactez Oussama Saidi\" loading=\"lazy\" \/>\t\t\t\t\t\t\t\t\t\t\t\t\t\t\t<\/div>\n\t\t\t\t<\/div>\n\t\t\t\t\t<\/div>\n\t\t<\/div>\n\t\t\t\t\t<\/div>\n\t\t<\/section>\n\t\t\t\t<section class=\"elementor-section elementor-top-section elementor-element elementor-element-9f6db9f elementor-section-boxed elementor-section-height-default elementor-section-height-default\" data-id=\"9f6db9f\" data-element_type=\"section\">\n\t\t\t\t\t\t<div class=\"elementor-container elementor-column-gap-default\">\n\t\t\t\t\t<div class=\"elementor-column elementor-col-100 elementor-top-column elementor-element elementor-element-c750d47\" data-id=\"c750d47\" data-element_type=\"column\">\n\t\t\t<div class=\"elementor-widget-wrap\">\n\t\t\t\t\t\t\t<\/div>\n\t\t<\/div>\n\t\t\t\t\t<\/div>\n\t\t<\/section>\n\t\t\t\t<section class=\"elementor-section elementor-top-section elementor-element elementor-element-45bd2ea elementor-section-boxed elementor-section-height-default elementor-section-height-default\" data-id=\"45bd2ea\" data-element_type=\"section\">\n\t\t\t\t\t\t<div class=\"elementor-container elementor-column-gap-default\">\n\t\t\t\t\t<div class=\"elementor-column elementor-col-100 elementor-top-column elementor-element elementor-element-d717163\" data-id=\"d717163\" data-element_type=\"column\">\n\t\t\t<div class=\"elementor-widget-wrap elementor-element-populated\">\n\t\t\t\t\t\t<div class=\"elementor-element elementor-element-d40b6fc elementor-widget elementor-widget-arter-contact-info\" data-id=\"d40b6fc\" data-element_type=\"widget\" data-widget_type=\"arter-contact-info.default\">\n\t\t\t\t<div class=\"elementor-widget-container\">\n\t\t\t\t\t\n\t\t<!-- container -->\n\t\t<div class=\"container-fluid\">\n\n\t\t<!-- row -->\n\t\t<div class=\"row\">\n\n\t\t  \t\t  <!-- col -->\n\t\t  <div class=\"col-lg-12\">\n\n\t\t    <!-- section title -->\n\t\t    <div class=\"art-section-title\">\n\t\t      <!-- title frame -->\n\t\t      <div class=\"art-title-frame\">\n\t\t        <!-- title -->\n\t\t        <h4 class=\"art-title-h\">\n\t\t    \t<span >\n\t\t          \tMes informations\t\t         <\/span>\n\t\t    \t<\/h4>\n\t\t      <\/div>\n\t\t      <!-- title frame end -->\n\t\t    <\/div>\n\t\t    <!-- section title end -->\n\n\t\t  <\/div>\n\t\t  <!-- col end -->\n\t\t  \n\t\t  \t\t  \t\t  <!-- col -->\n\t\t  <div class=\"col-lg-4\">\n\t\t    <!-- contact card -->\n\t\t    <div class=\"art-a art-card\">\n\t\t      <div class=\"art-table p-15-15\">\n\t\t        <div >\n\t        \t\t<ul>\n<li><strong>Email:<\/strong> oussama.saidisbz@gmail.com<\/li>\n<\/ul>\t        \t<\/div>\n\t\t      <\/div>\n\t\t    <\/div>\n\t\t    <!-- contact card end -->\n\t\t  <\/div>\n\t\t  <!-- col end -->\n\t\t  \t\t  \n\t\t  <\/div>\n\t\t  <!-- row end -->\n\n\t\t<\/div>\n\t\t<!-- container end -->\n\n\t\t\t\t\t\t<\/div>\n\t\t\t\t<\/div>\n\t\t\t\t<div class=\"elementor-element elementor-element-445f1f7 elementor-widget elementor-widget-htcontactform-addons\" data-id=\"445f1f7\" data-element_type=\"widget\" data-widget_type=\"htcontactform-addons.default\">\n\t\t\t\t<div class=\"elementor-widget-container\">\n\t\t\t\t\t            <div class=\"htcontact-form-wrapper\" >\n                \n<div class=\"wpcf7 no-js\" id=\"wpcf7-f1300-o1\" lang=\"fr-FR\" dir=\"ltr\" data-wpcf7-id=\"1300\">\n<div class=\"screen-reader-response\"><p role=\"status\" aria-live=\"polite\" aria-atomic=\"true\"><\/p> <ul><\/ul><\/div>\n<form action=\"\/en\/wp-json\/wp\/v2\/pages\/76#wpcf7-f1300-o1\" method=\"post\" class=\"wpcf7-form init\" aria-label=\"Formulaire de contact\" novalidate=\"novalidate\" data-status=\"init\" data-trp-original-action=\"\/en\/wp-json\/wp\/v2\/pages\/76#wpcf7-f1300-o1\">\n<fieldset class=\"hidden-fields-container\"><input type=\"hidden\" name=\"_wpcf7\" value=\"1300\" \/><input type=\"hidden\" name=\"_wpcf7_version\" value=\"6.1.3\" \/><input type=\"hidden\" name=\"_wpcf7_locale\" value=\"fr_FR\" \/><input type=\"hidden\" name=\"_wpcf7_unit_tag\" value=\"wpcf7-f1300-o1\" \/><input type=\"hidden\" name=\"_wpcf7_container_post\" value=\"0\" \/><input type=\"hidden\" name=\"_wpcf7_posted_data_hash\" value=\"\" \/><input type=\"hidden\" name=\"_wpcf7_recaptcha_response\" value=\"\" \/>\n<\/fieldset>\n<label> Votre nom\n    <span class=\"wpcf7-form-control-wrap\" data-name=\"your-name\"><input size=\"40\" maxlength=\"400\" class=\"wpcf7-form-control wpcf7-text wpcf7-validates-as-required\" autocomplete=\"name\" aria-required=\"true\" aria-invalid=\"false\" value=\"\" type=\"text\" name=\"your-name\" \/><\/span> <\/label>\n<br\/>\n<label> Votre e-mail\n    <span class=\"wpcf7-form-control-wrap\" data-name=\"your-email\"><input size=\"40\" maxlength=\"400\" class=\"wpcf7-form-control wpcf7-email wpcf7-validates-as-required wpcf7-text wpcf7-validates-as-email\" autocomplete=\"email\" aria-required=\"true\" aria-invalid=\"false\" value=\"\" type=\"email\" name=\"your-email\" \/><\/span> <\/label>\n<br\/>\n<label> Objet\n    <span class=\"wpcf7-form-control-wrap\" data-name=\"your-subject\"><input size=\"40\" maxlength=\"400\" class=\"wpcf7-form-control wpcf7-text wpcf7-validates-as-required\" aria-required=\"true\" aria-invalid=\"false\" value=\"\" type=\"text\" name=\"your-subject\" \/><\/span> <\/label>\n<br\/>\n<label> Votre message*\n    <span class=\"wpcf7-form-control-wrap\" data-name=\"your-message\"><textarea cols=\"40\" rows=\"10\" maxlength=\"2000\" class=\"wpcf7-form-control wpcf7-textarea wpcf7-validates-as-required\" aria-required=\"true\" aria-invalid=\"false\" name=\"your-message\"><\/textarea><\/span> <\/label>\n<br\/>\n<input class=\"wpcf7-form-control wpcf7-submit has-spinner\" type=\"submit\" value=\"Envoyer\" \/><div class=\"wpcf7-response-output\" aria-hidden=\"true\"><\/div>\n<input type=\"hidden\" name=\"trp-form-language\" value=\"en\"\/><\/form>\n<\/div>\n            <\/div>\n\n        \t\t\t\t<\/div>\n\t\t\t\t<\/div>\n\t\t\t\t<div class=\"elementor-element elementor-element-a031fdb elementor-shape-circle elementor-grid-0 e-grid-align-center elementor-widget elementor-widget-social-icons\" data-id=\"a031fdb\" data-element_type=\"widget\" data-widget_type=\"social-icons.default\">\n\t\t\t\t<div class=\"elementor-widget-container\">\n\t\t\t\t\t\t\t<div class=\"elementor-social-icons-wrapper elementor-grid\" role=\"list\">\n\t\t\t\t\t\t\t<span class=\"elementor-grid-item\" role=\"listitem\">\n\t\t\t\t\t<a class=\"elementor-icon elementor-social-icon elementor-social-icon-github elementor-repeater-item-c800399\" href=\"https:\/\/github.com\/oussama-saidi\" target=\"_blank\">\n\t\t\t\t\t\t<span class=\"elementor-screen-only\">Github<\/span>\n\t\t\t\t\t\t<i class=\"fab fa-github\"><\/i>\t\t\t\t\t<\/a>\n\t\t\t\t<\/span>\n\t\t\t\t\t\t\t<span class=\"elementor-grid-item\" role=\"listitem\">\n\t\t\t\t\t<a class=\"elementor-icon elementor-social-icon elementor-social-icon-linkedin elementor-repeater-item-7553f75\" href=\"https:\/\/www.linkedin.com\/in\/oussamasaidi\/\" target=\"_blank\">\n\t\t\t\t\t\t<span class=\"elementor-screen-only\">Linkedin<\/span>\n\t\t\t\t\t\t<i class=\"fab fa-linkedin\"><\/i>\t\t\t\t\t<\/a>\n\t\t\t\t<\/span>\n\t\t\t\t\t\t\t<span class=\"elementor-grid-item\" role=\"listitem\">\n\t\t\t\t\t<a class=\"elementor-icon elementor-social-icon elementor-social-icon-twitter elementor-repeater-item-3312d54\" href=\"https:\/\/twitter.com\/OsaidiPro\" target=\"_blank\">\n\t\t\t\t\t\t<span class=\"elementor-screen-only\">Twitter<\/span>\n\t\t\t\t\t\t<i class=\"fab fa-twitter\"><\/i>\t\t\t\t\t<\/a>\n\t\t\t\t<\/span>\n\t\t\t\t\t\t\t<span class=\"elementor-grid-item\" role=\"listitem\">\n\t\t\t\t\t<a class=\"elementor-icon elementor-social-icon elementor-social-icon-facebook elementor-repeater-item-4f4fc22\" href=\"http:\/\/facebook.com\/oussama.saidi.4\/\" target=\"_blank\">\n\t\t\t\t\t\t<span class=\"elementor-screen-only\">Facebook<\/span>\n\t\t\t\t\t\t<i class=\"fab fa-facebook\"><\/i>\t\t\t\t\t<\/a>\n\t\t\t\t<\/span>\n\t\t\t\t\t<\/div>\n\t\t\t\t\t\t<\/div>\n\t\t\t\t<\/div>\n\t\t\t\t\t<\/div>\n\t\t<\/div>\n\t\t\t\t\t<\/div>\n\t\t<\/section>\n\t\t\t\t<section class=\"elementor-section elementor-top-section elementor-element elementor-element-ecec553 elementor-section-boxed elementor-section-height-default elementor-section-height-default\" data-id=\"ecec553\" data-element_type=\"section\">\n\t\t\t\t\t\t<div class=\"elementor-container elementor-column-gap-default\">\n\t\t\t\t\t<div class=\"elementor-column elementor-col-100 elementor-top-column elementor-element elementor-element-3ac9e2a\" data-id=\"3ac9e2a\" data-element_type=\"column\">\n\t\t\t<div class=\"elementor-widget-wrap\">\n\t\t\t\t\t\t\t<\/div>\n\t\t<\/div>\n\t\t\t\t\t<\/div>\n\t\t<\/section>\n\t\t\t\t<\/div>","protected":false},"excerpt":{"rendered":"<p>Mes informations Email: oussama.saidisbz@gmail.com Votre nom Votre e-mail Objet Votre message* Github Linkedin Twitter Facebook<\/p>","protected":false},"author":1,"featured_media":720,"parent":0,"menu_order":0,"comment_status":"closed","ping_status":"closed","template":"template-layout-builder.php","meta":{"footnotes":""},"class_list":["post-76","page","type-page","status-publish","has-post-thumbnail","hentry"],"acf":[],"aioseo_notices":[],"jetpack_sharing_enabled":true,"jetpack-related-posts":[{"id":710,"url":"https:\/\/oussamasaidi.com\/en\/privacy-policy\/","url_meta":{"origin":76,"position":0},"title":"Politique de confidentialit\u00e9","author":"Saidi Oussama","date":"January 20, 2023","format":false,"excerpt":"Qui sommes-nous\u00a0? oussamasaidi.com est un blog de SAIDI Oussama Consultant .Net avec mon cv et plein des articles et tutoriel sur le d\u00e9veloppement des application web mobile et desktop et la technologie en g\u00e9n\u00e9ral Commentaires Quand vous laissez un commentaire sur notre site, les donn\u00e9es inscrites dans le formulaire de\u2026","rel":"","context":"Similar post","block_context":{"text":"Similar post","link":""},"img":{"alt_text":"","src":"","width":0,"height":0},"classes":[]},{"id":13,"url":"https:\/\/oussamasaidi.com\/en\/","url_meta":{"origin":76,"position":1},"title":"Home","author":"Saidi Oussama","date":"September 24, 2020","format":false,"excerpt":"Consultant .Net Sharepoint Office 365 <code> Je d\u00e9veloppe <\/code> 10 + Ann\u00e9es d'exp\u00e9rience 3000 + Lignes de code 30 + Projets finis \u00a0\u00c0 propos de moi\u00a0Je suis un consultant en .Net avec 10 ans d'exp\u00e9rience \u00e0 la fois en back-end et en front-end, travaillant dans diff\u00e9rentes industries.\u00a0Au cours de ma\u2026","rel":"","context":"Similar post","block_context":{"text":"Similar post","link":""},"img":{"alt_text":"oussama saidi oussama-saidi","src":"https:\/\/i0.wp.com\/oussamasaidi.com\/wp-content\/uploads\/2022\/12\/2842680.jpg?resize=350%2C200&ssl=1","width":350,"height":200,"srcset":"https:\/\/i0.wp.com\/oussamasaidi.com\/wp-content\/uploads\/2022\/12\/2842680.jpg?resize=350%2C200&ssl=1 1x, https:\/\/i0.wp.com\/oussamasaidi.com\/wp-content\/uploads\/2022\/12\/2842680.jpg?resize=525%2C300&ssl=1 1.5x, https:\/\/i0.wp.com\/oussamasaidi.com\/wp-content\/uploads\/2022\/12\/2842680.jpg?resize=700%2C400&ssl=1 2x"},"classes":[]},{"id":1393,"url":"https:\/\/oussamasaidi.com\/en\/about\/","url_meta":{"origin":76,"position":2},"title":"\u00c0 propos de moi","author":"Saidi Oussama","date":"November 20, 2025","format":false,"excerpt":"Ce que je fais Je suis d\u00e9veloppeur et passionn\u00e9 par les technologies modernes, sp\u00e9cialis\u00e9 dans le d\u00e9veloppement d\u2019applications web et API avec .NET et les frameworks front-end comme React. J\u2019accompagne les entreprises et les projets personnels pour transformer des id\u00e9es en solutions digitales efficaces et performantes. Mon objectif est de\u2026","rel":"","context":"Similar post","block_context":{"text":"Similar post","link":""},"img":{"alt_text":"","src":"","width":0,"height":0},"classes":[]}],"_links":{"self":[{"href":"https:\/\/oussamasaidi.com\/en\/wp-json\/wp\/v2\/pages\/76","targetHints":{"allow":["GET"]}}],"collection":[{"href":"https:\/\/oussamasaidi.com\/en\/wp-json\/wp\/v2\/pages"}],"about":[{"href":"https:\/\/oussamasaidi.com\/en\/wp-json\/wp\/v2\/types\/page"}],"author":[{"embeddable":true,"href":"https:\/\/oussamasaidi.com\/en\/wp-json\/wp\/v2\/users\/1"}],"replies":[{"embeddable":true,"href":"https:\/\/oussamasaidi.com\/en\/wp-json\/wp\/v2\/comments?post=76"}],"version-history":[{"count":21,"href":"https:\/\/oussamasaidi.com\/en\/wp-json\/wp\/v2\/pages\/76\/revisions"}],"predecessor-version":[{"id":1324,"href":"https:\/\/oussamasaidi.com\/en\/wp-json\/wp\/v2\/pages\/76\/revisions\/1324"}],"wp:featuredmedia":[{"embeddable":true,"href":"https:\/\/oussamasaidi.com\/en\/wp-json\/wp\/v2\/media\/720"}],"wp:attachment":[{"href":"https:\/\/oussamasaidi.com\/en\/wp-json\/wp\/v2\/media?parent=76"}],"curies":[{"name":"wp","href":"https:\/\/api.w.org\/{rel}","templated":true}]}}