{"id":710,"date":"2023-01-20T14:17:40","date_gmt":"2023-01-20T14:17:40","guid":{"rendered":"https:\/\/oussamasaidi.com\/?page_id=710"},"modified":"2025-12-02T13:32:13","modified_gmt":"2025-12-02T13:32:13","slug":"privacy-policy","status":"publish","type":"page","link":"https:\/\/oussamasaidi.com\/en\/privacy-policy\/","title":{"rendered":"Politique de confidentialit\u00e9"},"content":{"rendered":"<h2 class=\"wp-block-heading\">Qui sommes-nous&nbsp;?<\/h2>\n\n\n\n<p>oussamasaidi.com est un blog de SAIDI Oussama Consultant .Net avec mon cv et plein des articles et tutoriel sur le d\u00e9veloppement des application web mobile et desktop et la technologie en g\u00e9n\u00e9ral <\/p>\n\n\n\n<h2 class=\"wp-block-heading\">Commentaires<\/h2>\n\n\n\n<p>Quand vous laissez un commentaire sur notre site, les donn\u00e9es inscrites dans le formulaire de commentaire, ainsi que votre adresse IP et l\u2019agent utilisateur de votre navigateur sont collect\u00e9s pour nous aider \u00e0 la d\u00e9tection des commentaires ind\u00e9sirables.<\/p>\n\n\n\n<p>Une cha\u00eene anonymis\u00e9e cr\u00e9\u00e9e \u00e0 partir de votre adresse e-mail (\u00e9galement appel\u00e9e hash) peut \u00eatre envoy\u00e9e au service Gravatar pour v\u00e9rifier si vous utilisez ce dernier. Les clauses de confidentialit\u00e9 du service Gravatar sont disponibles ici&nbsp;: https:\/\/automattic.com\/privacy\/. Apr\u00e8s validation de votre commentaire, votre photo de profil sera visible publiquement \u00e0 cot\u00e9 de votre commentaire.<\/p>\n\n\n\n<h2 class=\"wp-block-heading\">M\u00e9dias<\/h2>\n\n\n\n<p>Si vous t\u00e9l\u00e9versez des images sur le site, nous vous conseillons d\u2019\u00e9viter de t\u00e9l\u00e9verser des images contenant des donn\u00e9es EXIF de coordonn\u00e9es GPS. Les personnes visitant votre site peuvent t\u00e9l\u00e9charger et extraire des donn\u00e9es de localisation depuis ces images.<\/p>\n\n\n\n<h2 class=\"wp-block-heading\">Cookies<\/h2>\n\n\n\n<p>Si vous d\u00e9posez un commentaire sur notre site, il vous sera propos\u00e9 d\u2019enregistrer votre nom, adresse e-mail et site dans des cookies. C\u2019est uniquement pour votre confort afin de ne pas avoir \u00e0 saisir ces informations si vous d\u00e9posez un autre commentaire plus tard. Ces cookies expirent au bout d\u2019un an.<\/p>\n\n\n\n<p>Si vous vous rendez sur la page de connexion, un cookie temporaire sera cr\u00e9\u00e9 afin de d\u00e9terminer si votre navigateur accepte les cookies. Il ne contient pas de donn\u00e9es personnelles et sera supprim\u00e9 automatiquement \u00e0 la fermeture de votre navigateur.<\/p>\n\n\n\n<p>Lorsque vous vous connecterez, nous mettrons en place un certain nombre de cookies pour enregistrer vos informations de connexion et vos pr\u00e9f\u00e9rences d\u2019\u00e9cran. La dur\u00e9e de vie d\u2019un cookie de connexion est de deux jours, celle d\u2019un cookie d\u2019option d\u2019\u00e9cran est d\u2019un an. Si vous cochez \u00ab&nbsp;Se souvenir de moi&nbsp;\u00bb, votre cookie de connexion sera conserv\u00e9 pendant deux semaines. Si vous vous d\u00e9connectez de votre compte, le cookie de connexion sera effac\u00e9.<\/p>\n\n\n\n<p>En modifiant ou en publiant une publication, un cookie suppl\u00e9mentaire sera enregistr\u00e9 dans votre navigateur. Ce cookie ne comprend aucune donn\u00e9e personnelle. Il indique simplement l\u2019ID de la publication que vous venez de modifier. Il expire au bout d\u2019un jour.<\/p>\n\n\n\n<h2 class=\"wp-block-heading\">Contenu embarqu\u00e9 depuis d\u2019autres sites<\/h2>\n\n\n\n<p>Les articles de ce site peuvent inclure des contenus int\u00e9gr\u00e9s (par exemple des vid\u00e9os, images, articles\u2026). Le contenu int\u00e9gr\u00e9 depuis d\u2019autres sites se comporte de la m\u00eame mani\u00e8re que si le visiteur se rendait sur cet autre site.<\/p>\n\n\n\n<p>Ces sites web pourraient collecter des donn\u00e9es sur vous, utiliser des cookies, embarquer des outils de suivis tiers, suivre vos interactions avec ces contenus embarqu\u00e9s si vous disposez d\u2019un compte connect\u00e9 sur leur site web.<\/p>\n\n\n\n<h2 class=\"wp-block-heading\">Utilisation et transmission de vos donn\u00e9es personnelles<\/h2>\n\n\n\n<p>Si vous demandez une r\u00e9initialisation de votre mot de passe, votre adresse IP sera incluse dans l\u2019e-mail de r\u00e9initialisation.<\/p>\n\n\n\n<h2 class=\"wp-block-heading\">Dur\u00e9es de stockage de vos donn\u00e9es<\/h2>\n\n\n\n<p>Si vous laissez un commentaire, le commentaire et ses m\u00e9tadonn\u00e9es sont conserv\u00e9s ind\u00e9finiment. Cela permet de reconna\u00eetre et approuver automatiquement les commentaires suivants au lieu de les laisser dans la file de mod\u00e9ration.<\/p>\n\n\n\n<p>Pour les comptes qui s\u2019inscrivent sur notre site (le cas \u00e9ch\u00e9ant), nous stockons \u00e9galement les donn\u00e9es personnelles indiqu\u00e9es dans leur profil. Tous les comptes peuvent voir, modifier ou supprimer leurs informations personnelles \u00e0 tout moment (\u00e0 l\u2019exception de leur identifiant). Les gestionnaires du site peuvent aussi voir et modifier ces informations.<\/p>\n\n\n\n<h2 class=\"wp-block-heading\">Les droits que vous avez sur vos donn\u00e9es<\/h2>\n\n\n\n<p>Si vous avez un compte ou si vous avez laiss\u00e9 des commentaires sur le site, vous pouvez demander \u00e0 recevoir un fichier contenant toutes les donn\u00e9es personnelles que nous poss\u00e9dons \u00e0 votre sujet, incluant celles que vous nous avez fournies. Vous pouvez \u00e9galement demander la suppression des donn\u00e9es personnelles vous concernant. Cela ne prend pas en compte les donn\u00e9es stock\u00e9es \u00e0 des fins administratives, l\u00e9gales ou pour des raisons de s\u00e9curit\u00e9.<\/p>\n\n\n\n<h2 class=\"wp-block-heading\">O\u00f9 vos donn\u00e9es sont envoy\u00e9es<\/h2>\n\n\n\n<p>Les commentaires des visiteurs peuvent \u00eatre v\u00e9rifi\u00e9s \u00e0 l\u2019aide d\u2019un service automatis\u00e9 de d\u00e9tection des commentaires ind\u00e9sirables.<\/p>","protected":false},"excerpt":{"rendered":"<p>Qui sommes-nous&nbsp;? oussamasaidi.com est un blog de SAIDI Oussama Consultant .Net avec mon cv et plein des articles et tutoriel&#8230; <\/p>\n<div class=\"art-el-more\"><a href=\"https:\/\/oussamasaidi.com\/en\/privacy-policy\/\" class=\"art-link art-color-link art-w-chevron\">Read more<\/a><\/div>","protected":false},"author":1,"featured_media":0,"parent":0,"menu_order":0,"comment_status":"closed","ping_status":"closed","template":"","meta":{"footnotes":""},"class_list":["post-710","page","type-page","status-publish","hentry"],"acf":[],"aioseo_notices":[],"jetpack_sharing_enabled":true,"jetpack-related-posts":[{"id":13,"url":"https:\/\/oussamasaidi.com\/en\/","url_meta":{"origin":710,"position":0},"title":"Home","author":"Saidi Oussama","date":"September 24, 2020","format":false,"excerpt":"Consultant .Net Sharepoint Office 365 <code> Je d\u00e9veloppe <\/code> 10 + Ann\u00e9es d'exp\u00e9rience 3000 + Lignes de code 30 + Projets finis \u00a0\u00c0 propos de moi\u00a0Je suis un consultant en .Net avec 10 ans d'exp\u00e9rience \u00e0 la fois en back-end et en front-end, travaillant dans diff\u00e9rentes industries.\u00a0Au cours de ma\u2026","rel":"","context":"Similar post","block_context":{"text":"Similar post","link":""},"img":{"alt_text":"oussama saidi oussama-saidi","src":"https:\/\/i0.wp.com\/oussamasaidi.com\/wp-content\/uploads\/2022\/12\/2842680.jpg?resize=350%2C200&ssl=1","width":350,"height":200,"srcset":"https:\/\/i0.wp.com\/oussamasaidi.com\/wp-content\/uploads\/2022\/12\/2842680.jpg?resize=350%2C200&ssl=1 1x, https:\/\/i0.wp.com\/oussamasaidi.com\/wp-content\/uploads\/2022\/12\/2842680.jpg?resize=525%2C300&ssl=1 1.5x, https:\/\/i0.wp.com\/oussamasaidi.com\/wp-content\/uploads\/2022\/12\/2842680.jpg?resize=700%2C400&ssl=1 2x"},"classes":[]},{"id":1393,"url":"https:\/\/oussamasaidi.com\/en\/about\/","url_meta":{"origin":710,"position":1},"title":"\u00c0 propos de moi","author":"Saidi Oussama","date":"November 20, 2025","format":false,"excerpt":"Ce que je fais Je suis d\u00e9veloppeur et passionn\u00e9 par les technologies modernes, sp\u00e9cialis\u00e9 dans le d\u00e9veloppement d\u2019applications web et API avec .NET et les frameworks front-end comme React. J\u2019accompagne les entreprises et les projets personnels pour transformer des id\u00e9es en solutions digitales efficaces et performantes. Mon objectif est de\u2026","rel":"","context":"Similar post","block_context":{"text":"Similar post","link":""},"img":{"alt_text":"","src":"","width":0,"height":0},"classes":[]},{"id":170,"url":"https:\/\/oussamasaidi.com\/en\/blog\/","url_meta":{"origin":710,"position":2},"title":"Blog","author":"Saidi Oussama","date":"September 24, 2020","format":false,"excerpt":"Blog September 24, 2020 \/ Design, Events, Technology Follow your own design process. My job is simple and sophisticated, so it is possible to describe and simple, and flowery language. I love the\u2026 Read more September 24, 2020 \/ Design, Technology Why You Should Take Care About Your Branding. Above\u2026","rel":"","context":"Similar post","block_context":{"text":"Similar post","link":""},"img":{"alt_text":"Follow your own design process.","src":"https:\/\/i0.wp.com\/beshley.com\/import\/arter\/01\/uploads\/2020\/09\/blog-7-1280x768.jpg?resize=350%2C200&ssl=1","width":350,"height":200,"srcset":"https:\/\/i0.wp.com\/beshley.com\/import\/arter\/01\/uploads\/2020\/09\/blog-7-1280x768.jpg?resize=350%2C200&ssl=1 1x, https:\/\/i0.wp.com\/beshley.com\/import\/arter\/01\/uploads\/2020\/09\/blog-7-1280x768.jpg?resize=525%2C300&ssl=1 1.5x, https:\/\/i0.wp.com\/beshley.com\/import\/arter\/01\/uploads\/2020\/09\/blog-7-1280x768.jpg?resize=700%2C400&ssl=1 2x"},"classes":[]}],"_links":{"self":[{"href":"https:\/\/oussamasaidi.com\/en\/wp-json\/wp\/v2\/pages\/710","targetHints":{"allow":["GET"]}}],"collection":[{"href":"https:\/\/oussamasaidi.com\/en\/wp-json\/wp\/v2\/pages"}],"about":[{"href":"https:\/\/oussamasaidi.com\/en\/wp-json\/wp\/v2\/types\/page"}],"author":[{"embeddable":true,"href":"https:\/\/oussamasaidi.com\/en\/wp-json\/wp\/v2\/users\/1"}],"replies":[{"embeddable":true,"href":"https:\/\/oussamasaidi.com\/en\/wp-json\/wp\/v2\/comments?post=710"}],"version-history":[{"count":1,"href":"https:\/\/oussamasaidi.com\/en\/wp-json\/wp\/v2\/pages\/710\/revisions"}],"predecessor-version":[{"id":1559,"href":"https:\/\/oussamasaidi.com\/en\/wp-json\/wp\/v2\/pages\/710\/revisions\/1559"}],"wp:attachment":[{"href":"https:\/\/oussamasaidi.com\/en\/wp-json\/wp\/v2\/media?parent=710"}],"curies":[{"name":"wp","href":"https:\/\/api.w.org\/{rel}","templated":true}]}}