{"id":1393,"date":"2025-11-20T10:28:54","date_gmt":"2025-11-20T10:28:54","guid":{"rendered":"https:\/\/oussamasaidi.com\/?page_id=1393"},"modified":"2025-12-02T15:01:18","modified_gmt":"2025-12-02T15:01:18","slug":"about","status":"publish","type":"page","link":"https:\/\/oussamasaidi.com\/en\/about\/","title":{"rendered":"\u00c0 propos de moi"},"content":{"rendered":"<div class=\"wp-block-post-author\"><div class=\"wp-block-post-author__avatar\"><img alt='' src='https:\/\/oussamasaidi.com\/wp-content\/uploads\/2022\/02\/001_001_cv1.jpg' srcset='https:\/\/oussamasaidi.com\/wp-content\/uploads\/2022\/02\/001_001_cv1.jpg 2x' class='avatar avatar-48 photo avatar-default' height='48' width='48' \/><\/div><div class=\"wp-block-post-author__content\"><p class=\"wp-block-post-author__name\">Saidi Oussama<\/p><\/div><\/div>\n\n\n<h2 class=\"wp-block-heading\">Ce que je fais<\/h2>\n\n\n\n<p>Je suis d\u00e9veloppeur et passionn\u00e9 par les technologies modernes, sp\u00e9cialis\u00e9 dans le d\u00e9veloppement d\u2019applications web et API avec .NET et les frameworks front-end comme React. J\u2019accompagne les entreprises et les projets personnels pour transformer des id\u00e9es en solutions digitales efficaces et performantes. Mon objectif est de cr\u00e9er du code propre, maintenable et optimis\u00e9, tout en offrant une exp\u00e9rience utilisateur fluide et agr\u00e9able.<\/p>\n\n\n\n<h2 class=\"wp-block-heading\">Mon parcours<\/h2>\n\n\n\n<p>Depuis mes d\u00e9buts dans le d\u00e9veloppement, j\u2019ai explor\u00e9 diff\u00e9rents langages et technologies, ce qui m\u2019a permis de construire une solide exp\u00e9rience en conception de logiciels et en architecture d\u2019applications. J\u2019ai travaill\u00e9 sur des projets vari\u00e9s, allant de petites applications web \u00e0 des syst\u00e8mes plus complexes pour des entreprises, ce qui m\u2019a appris \u00e0 relever des d\u00e9fis techniques tout en collaborant efficacement avec les \u00e9quipes. Chaque projet est pour moi une opportunit\u00e9 d\u2019apprendre, de m\u2019am\u00e9liorer et de partager mes connaissances.<\/p>\n\n\n\n<h2 class=\"wp-block-heading\">Ce blog<\/h2>\n\n\n\n<p>Ce blog est n\u00e9 de ma volont\u00e9 de partager mon exp\u00e9rience et mes d\u00e9couvertes dans le monde du d\u00e9veloppement logiciel. Ici, vous trouverez des articles d\u00e9taill\u00e9s, des guides pratiques, des tutoriels et des astuces pour vous aider \u00e0 mieux comprendre et utiliser les technologies modernes. Mon objectif est de rendre des sujets parfois complexes accessibles \u00e0 tous, qu\u2019il s\u2019agisse de d\u00e9butants ou de d\u00e9veloppeurs exp\u00e9riment\u00e9s.<\/p>\n\n\n\n<h2 class=\"wp-block-heading\">Contactez-moi<\/h2>\n\n\n\n<p>D\u00e9veloppeurs, passionn\u00e9s de tech ou curieux : discutons projets, id\u00e9es ou simplement pour dire bonjour !<\/p>\n\n\n\n<div class=\"wp-block-columns is-layout-flex wp-container-core-columns-is-layout-9d6595d7 wp-block-columns-is-layout-flex\">\n<div class=\"wp-block-column is-layout-flow wp-block-column-is-layout-flow\" style=\"flex-basis:100%\">\n<div class=\"wp-block-buttons is-layout-flex wp-block-buttons-is-layout-flex\">\n<div class=\"wp-block-button\"><a class=\"wp-block-button__link wp-element-button\" href=\"https:\/\/github.com\/oussama-saidi\" target=\"_blank\" rel=\"noreferrer noopener\">Github<\/a><\/div>\n\n\n\n<div class=\"wp-block-button\"><a class=\"wp-block-button__link wp-element-button\" href=\"http:\/\/www.linkedin.com\/in\/oussamasaidi\" target=\"_blank\" rel=\"noreferrer noopener\">LinkedIn<\/a><\/div>\n\n\n\n<div class=\"wp-block-button\"><a class=\"wp-block-button__link wp-element-button\" href=\"https:\/\/oussamasaidi.com\/en\/contact\/\" target=\"_blank\" rel=\"noreferrer noopener\">Contact<\/a><\/div>\n<\/div>\n<\/div>\n<\/div>\n\n\n\n<h2 class=\"wp-block-heading\">Int\u00e9r\u00eats techniques<\/h2>\n\n\n\n<p>Je suis particuli\u00e8rement int\u00e9ress\u00e9 par :<\/p>\n\n\n\n<ul class=\"wp-block-list\">\n<li>Le d\u00e9veloppement backend avec <strong>.NET Core et .NET 10<\/strong>, la cr\u00e9ation d\u2019API RESTful et GraphQL.<\/li>\n\n\n\n<li>Le d\u00e9veloppement frontend avec <strong>React.js<\/strong>, <strong>TypeScript<\/strong> et l\u2019architecture moderne des applications web.<\/li>\n\n\n\n<li>L\u2019optimisation de la documentation API et l\u2019exp\u00e9rience d\u00e9veloppeur (<strong>Scalar UI, Swagger, OpenAPI<\/strong>).<\/li>\n\n\n\n<li>Les bonnes pratiques de code, le design pattern, et l\u2019automatisation des workflows de d\u00e9veloppement.<\/li>\n\n\n\n<li>La veille technologique et l\u2019exp\u00e9rimentation avec les nouvelles biblioth\u00e8ques et frameworks pour rester \u00e0 la pointe des innovations.<\/li>\n<\/ul>\n\n\n\n<pre id=\"tw-target-text\" class=\"wp-block-preformatted\">Merci d'avoir visit\u00e9 mon blog. J'esp\u00e8re que vous trouverez le contenu utile et int\u00e9ressant. Bon codage\u00a0!<\/pre>\n\n\n\n<p><\/p>","protected":false},"excerpt":{"rendered":"<p>Ce que je fais Je suis d\u00e9veloppeur et passionn\u00e9 par les technologies modernes, sp\u00e9cialis\u00e9 dans le d\u00e9veloppement d\u2019applications web et&#8230; <\/p>\n<div class=\"art-el-more\"><a href=\"https:\/\/oussamasaidi.com\/en\/about\/\" class=\"art-link art-color-link art-w-chevron\">Read more<\/a><\/div>","protected":false},"author":1,"featured_media":0,"parent":0,"menu_order":0,"comment_status":"closed","ping_status":"closed","template":"","meta":{"footnotes":""},"class_list":["post-1393","page","type-page","status-publish","hentry"],"acf":[],"aioseo_notices":[],"jetpack_sharing_enabled":true,"jetpack-related-posts":[{"id":13,"url":"https:\/\/oussamasaidi.com\/en\/","url_meta":{"origin":1393,"position":0},"title":"Home","author":"Saidi Oussama","date":"September 24, 2020","format":false,"excerpt":"Consultant .Net Sharepoint Office 365 <code> Je d\u00e9veloppe <\/code> 10 + Ann\u00e9es d'exp\u00e9rience 3000 + Lignes de code 30 + Projets finis \u00a0\u00c0 propos de moi\u00a0Je suis un consultant en .Net avec 10 ans d'exp\u00e9rience \u00e0 la fois en back-end et en front-end, travaillant dans diff\u00e9rentes industries.\u00a0Au cours de ma\u2026","rel":"","context":"Similar post","block_context":{"text":"Similar post","link":""},"img":{"alt_text":"oussama saidi oussama-saidi","src":"https:\/\/i0.wp.com\/oussamasaidi.com\/wp-content\/uploads\/2022\/12\/2842680.jpg?resize=350%2C200&ssl=1","width":350,"height":200,"srcset":"https:\/\/i0.wp.com\/oussamasaidi.com\/wp-content\/uploads\/2022\/12\/2842680.jpg?resize=350%2C200&ssl=1 1x, https:\/\/i0.wp.com\/oussamasaidi.com\/wp-content\/uploads\/2022\/12\/2842680.jpg?resize=525%2C300&ssl=1 1.5x, https:\/\/i0.wp.com\/oussamasaidi.com\/wp-content\/uploads\/2022\/12\/2842680.jpg?resize=700%2C400&ssl=1 2x"},"classes":[]},{"id":710,"url":"https:\/\/oussamasaidi.com\/en\/privacy-policy\/","url_meta":{"origin":1393,"position":1},"title":"Politique de confidentialit\u00e9","author":"Saidi Oussama","date":"January 20, 2023","format":false,"excerpt":"Qui sommes-nous\u00a0? oussamasaidi.com est un blog de SAIDI Oussama Consultant .Net avec mon cv et plein des articles et tutoriel sur le d\u00e9veloppement des application web mobile et desktop et la technologie en g\u00e9n\u00e9ral Commentaires Quand vous laissez un commentaire sur notre site, les donn\u00e9es inscrites dans le formulaire de\u2026","rel":"","context":"Similar post","block_context":{"text":"Similar post","link":""},"img":{"alt_text":"","src":"","width":0,"height":0},"classes":[]},{"id":170,"url":"https:\/\/oussamasaidi.com\/en\/blog\/","url_meta":{"origin":1393,"position":2},"title":"Blog","author":"Saidi Oussama","date":"September 24, 2020","format":false,"excerpt":"Blog September 24, 2020 \/ Design, Events, Technology Follow your own design process. My job is simple and sophisticated, so it is possible to describe and simple, and flowery language. I love the\u2026 Read more September 24, 2020 \/ Design, Technology Why You Should Take Care About Your Branding. Above\u2026","rel":"","context":"Similar post","block_context":{"text":"Similar post","link":""},"img":{"alt_text":"Follow your own design process.","src":"https:\/\/i0.wp.com\/beshley.com\/import\/arter\/01\/uploads\/2020\/09\/blog-7-1280x768.jpg?resize=350%2C200&ssl=1","width":350,"height":200,"srcset":"https:\/\/i0.wp.com\/beshley.com\/import\/arter\/01\/uploads\/2020\/09\/blog-7-1280x768.jpg?resize=350%2C200&ssl=1 1x, https:\/\/i0.wp.com\/beshley.com\/import\/arter\/01\/uploads\/2020\/09\/blog-7-1280x768.jpg?resize=525%2C300&ssl=1 1.5x, https:\/\/i0.wp.com\/beshley.com\/import\/arter\/01\/uploads\/2020\/09\/blog-7-1280x768.jpg?resize=700%2C400&ssl=1 2x"},"classes":[]}],"_links":{"self":[{"href":"https:\/\/oussamasaidi.com\/en\/wp-json\/wp\/v2\/pages\/1393","targetHints":{"allow":["GET"]}}],"collection":[{"href":"https:\/\/oussamasaidi.com\/en\/wp-json\/wp\/v2\/pages"}],"about":[{"href":"https:\/\/oussamasaidi.com\/en\/wp-json\/wp\/v2\/types\/page"}],"author":[{"embeddable":true,"href":"https:\/\/oussamasaidi.com\/en\/wp-json\/wp\/v2\/users\/1"}],"replies":[{"embeddable":true,"href":"https:\/\/oussamasaidi.com\/en\/wp-json\/wp\/v2\/comments?post=1393"}],"version-history":[{"count":8,"href":"https:\/\/oussamasaidi.com\/en\/wp-json\/wp\/v2\/pages\/1393\/revisions"}],"predecessor-version":[{"id":1401,"href":"https:\/\/oussamasaidi.com\/en\/wp-json\/wp\/v2\/pages\/1393\/revisions\/1401"}],"wp:attachment":[{"href":"https:\/\/oussamasaidi.com\/en\/wp-json\/wp\/v2\/media?parent=1393"}],"curies":[{"name":"wp","href":"https:\/\/api.w.org\/{rel}","templated":true}]}}