{"id":1052,"date":"2025-04-06T21:49:00","date_gmt":"2025-04-06T21:49:00","guid":{"rendered":"https:\/\/oussamasaidi.com\/home-francais\/"},"modified":"2025-04-06T21:49:00","modified_gmt":"2025-04-06T21:49:00","slug":"home-francais","status":"publish","type":"page","link":"https:\/\/oussamasaidi.com\/en\/home-francais\/","title":{"rendered":"Home &#8211; Fran\u00e7ais"},"content":{"rendered":"","protected":false},"excerpt":{"rendered":"","protected":false},"author":1,"featured_media":0,"parent":0,"menu_order":0,"comment_status":"closed","ping_status":"closed","template":"","meta":{"footnotes":""},"class_list":["post-1052","page","type-page","status-publish","hentry"],"acf":[],"aioseo_notices":[],"jetpack_sharing_enabled":true,"jetpack-related-posts":[{"id":1054,"url":"https:\/\/oussamasaidi.com\/en\/home-english\/","url_meta":{"origin":1052,"position":0},"title":"Home &#8211; English","author":"Saidi Oussama","date":"April 6, 2025","format":false,"excerpt":"","rel":"","context":"Similar post","block_context":{"text":"Similar post","link":""},"img":{"alt_text":"","src":"","width":0,"height":0},"classes":[]},{"id":13,"url":"https:\/\/oussamasaidi.com\/en\/","url_meta":{"origin":1052,"position":1},"title":"Home","author":"Saidi Oussama","date":"September 24, 2020","format":false,"excerpt":"Consultant .Net Sharepoint Office 365 <code> Je d\u00e9veloppe <\/code> 10 + Ann\u00e9es d'exp\u00e9rience 3000 + Lignes de code 30 + Projets finis \u00a0\u00c0 propos de moi\u00a0Je suis un consultant en .Net avec 10 ans d'exp\u00e9rience \u00e0 la fois en back-end et en front-end, travaillant dans diff\u00e9rentes industries.\u00a0Au cours de ma\u2026","rel":"","context":"Similar post","block_context":{"text":"Similar post","link":""},"img":{"alt_text":"oussama saidi oussama-saidi","src":"https:\/\/i0.wp.com\/oussamasaidi.com\/wp-content\/uploads\/2022\/12\/2842680.jpg?resize=350%2C200&ssl=1","width":350,"height":200,"srcset":"https:\/\/i0.wp.com\/oussamasaidi.com\/wp-content\/uploads\/2022\/12\/2842680.jpg?resize=350%2C200&ssl=1 1x, https:\/\/i0.wp.com\/oussamasaidi.com\/wp-content\/uploads\/2022\/12\/2842680.jpg?resize=525%2C300&ssl=1 1.5x, https:\/\/i0.wp.com\/oussamasaidi.com\/wp-content\/uploads\/2022\/12\/2842680.jpg?resize=700%2C400&ssl=1 2x"},"classes":[]}],"_links":{"self":[{"href":"https:\/\/oussamasaidi.com\/en\/wp-json\/wp\/v2\/pages\/1052","targetHints":{"allow":["GET"]}}],"collection":[{"href":"https:\/\/oussamasaidi.com\/en\/wp-json\/wp\/v2\/pages"}],"about":[{"href":"https:\/\/oussamasaidi.com\/en\/wp-json\/wp\/v2\/types\/page"}],"author":[{"embeddable":true,"href":"https:\/\/oussamasaidi.com\/en\/wp-json\/wp\/v2\/users\/1"}],"replies":[{"embeddable":true,"href":"https:\/\/oussamasaidi.com\/en\/wp-json\/wp\/v2\/comments?post=1052"}],"version-history":[{"count":0,"href":"https:\/\/oussamasaidi.com\/en\/wp-json\/wp\/v2\/pages\/1052\/revisions"}],"wp:attachment":[{"href":"https:\/\/oussamasaidi.com\/en\/wp-json\/wp\/v2\/media?parent=1052"}],"curies":[{"name":"wp","href":"https:\/\/api.w.org\/{rel}","templated":true}]}}